{"id":2166,"date":"2023-02-02T14:44:54","date_gmt":"2023-02-02T14:44:54","guid":{"rendered":"https:\/\/bwa.bydtestes.pt\/?page_id=2166"},"modified":"2023-02-17T15:22:12","modified_gmt":"2023-02-17T15:22:12","slug":"declaracao-de-privacidade-on-line","status":"publish","type":"page","link":"https:\/\/bwagroup.com.pt\/pt-pt\/declaracao-de-privacidade-on-line\/","title":{"rendered":"Declara\u00e7\u00e3o de privacidade on-line"},"content":{"rendered":"[vc_row type=&#8221;in_container&#8221; full_screen_row_position=&#8221;middle&#8221; column_margin=&#8221;default&#8221; column_direction=&#8221;default&#8221; column_direction_tablet=&#8221;default&#8221; column_direction_phone=&#8221;default&#8221; scene_position=&#8221;center&#8221; bottom_padding=&#8221;6%&#8221; left_padding_desktop=&#8221;6%&#8221; constrain_group_2=&#8221;yes&#8221; right_padding_desktop=&#8221;6%&#8221; text_color=&#8221;dark&#8221; text_align=&#8221;left&#8221; row_border_radius=&#8221;none&#8221; row_border_radius_applies=&#8221;bg&#8221; overflow=&#8221;visible&#8221; overlay_strength=&#8221;0.3&#8243; gradient_direction=&#8221;left_to_right&#8221; shape_divider_position=&#8221;bottom&#8221; bg_image_animation=&#8221;none&#8221; gradient_type=&#8221;default&#8221; shape_type=&#8221;&#8221;][vc_column column_padding=&#8221;no-extra-padding&#8221; column_padding_tablet=&#8221;inherit&#8221; column_padding_phone=&#8221;inherit&#8221; column_padding_position=&#8221;all&#8221; column_element_direction_desktop=&#8221;default&#8221; column_element_spacing=&#8221;default&#8221; desktop_text_alignment=&#8221;default&#8221; tablet_text_alignment=&#8221;default&#8221; phone_text_alignment=&#8221;default&#8221; background_color_opacity=&#8221;1&#8243; background_hover_color_opacity=&#8221;1&#8243; column_backdrop_filter=&#8221;none&#8221; column_shadow=&#8221;none&#8221; column_border_radius=&#8221;none&#8221; column_link_target=&#8221;_self&#8221; column_position=&#8221;default&#8221; gradient_direction=&#8221;left_to_right&#8221; overlay_strength=&#8221;0.3&#8243; width=&#8221;1\/1&#8243; tablet_width_inherit=&#8221;default&#8221; animation_type=&#8221;default&#8221; bg_image_animation=&#8221;none&#8221; border_type=&#8221;simple&#8221; column_border_width=&#8221;none&#8221; column_border_style=&#8221;solid&#8221;][vc_column_text]\n<h1><span style=\"color: #000000;\">Declara\u00e7\u00e3o de privacidade on-line<\/span><\/h1>\n<p>&nbsp;<\/p>\n<h3>Quem somos ?<\/h3>\n<p>O BWA Group \u00e9 composto por um conjunto de empresas sediadas em Lisboa encarregadas de desenvolver, reabilitar e iniciar projectos exclusivos na \u00e1rea de gest\u00e3o de patrim\u00f3nio imobili\u00e1rio.<br \/>\nExistem 6 marcas que se enquadram no portf\u00f3lio do Grupo BWA e cada marca opera num segmento diferente do mercado imobili\u00e1rio.<\/p>\n<h3>Porqu\u00ea esta pol\u00edtica de privacidade?<\/h3>\n<p>Esta Pol\u00edtica de Privacidade surge para dar a conhecer aos nossos Clientes e Utilizadores, as regras gerais de privacidade e tratamento dos seus dados pessoais, que recolhemos e tratamos no estrito respeito e cumprimento da Lei que regula o Regulamento Geral de Protec\u00e7\u00e3o de Dados<\/p>\n<h3>Dados Pessoais<\/h3>\n<p>Os dados pessoais no Regulamento de prote\u00e7\u00e3o de dados pessoais (RGPD) s\u00e3o definidos como :<br \/>\n\u201c informa\u00e7\u00e3o relativa a uma pessoa singular identificada ou identific\u00e1vel (\u00abtitular dos dados\u00bb); \u00e9 considerada identific\u00e1vel uma pessoa singular que possa ser identificada, direta ou indiretamente, em especial por refer\u00eancia a um identificador, como por exemplo um nome, um n\u00famero de identifica\u00e7\u00e3o, dados de localiza\u00e7\u00e3o, identificadores por via eletr\u00f3nica ou a um ou mais elementos espec\u00edficos da identidade f\u00edsica, fisiol\u00f3gica, gen\u00e9tica, mental, econ\u00f3mica, cultural ou social dessa pessoa singular;\u201d<\/p>\n<h3>Como \u00e9 que recolhemos os seus dados pessoais<\/h3>\n<p>Os seus dados pessoais ser\u00e3o recolhidos e tratados nas seguintes situa\u00e7\u00f5es:<br \/>\n\u2022 Se proceder ao preenchimento dos seus dados pessoais e \u00e0 submiss\u00e3o do Formul\u00e1rio de Consentimento constante deste Sitio; e\/ou<br \/>\n\u2022 Se adquirir e\/ou utilizar um nosso produto ou servi\u00e7o junto da BWA Group e\/ou dos seus agentes\/parceiros de neg\u00f3cio.<\/p>\n<h3>Como \u00e9 que a BWA Group utiliza a sua informa\u00e7\u00e3o<\/h3>\n<p>Os seus dados pessoais ser\u00e3o recolhidos e utilizados para fins comerciais e Marketing nos estritos termos por si selecionados no Formul\u00e1rio de Consentimento constante deste Sitio.<\/p>\n<p>Nos termos da legisla\u00e7\u00e3o de prote\u00e7\u00e3o de dados vigente na Uni\u00e3o Europeia a utiliza\u00e7\u00e3o de dados pessoais tem de justificar-se ao abrigo de, pelo menos, um fundamento jur\u00eddico para o tratamento de dados pessoais. Assim, o fundamento jur\u00eddico aplic\u00e1vel \u00e0 recolha e utiliza\u00e7\u00e3o dos seus dados pessoais para fins de assist\u00eancia ao cliente e marketing \u00e9 o seu consentimento.<\/p>\n<h3>Politica de Cookies<\/h3>\n<p>A BWA Group n\u00e3o tem nenhum instrumento de profiling e n\u00e3o utiliza cookies nos seus Sites para quaisquer fins de profiling. No entanto, existe uma politica de Cookies que o utilizador deve dar o seu consentimento ao aceder o nosso Sitio. A BWA Group utiliza uma plataforma de desenvolvimento de websites que poder\u00e1 utilizar cookies com a finalidade de analisar, monitorizar e rastrear a utiliza\u00e7\u00e3o do Sitio. Estas tecnologias s\u00e3o usadas para manter, prestar e melhorar os Servi\u00e7os e fornecer aos utilizadores uma melhor experi\u00eancia sem os identificar e obter dados pessoais. Por exemplo, garantir servi\u00e7os, identificar problemas t\u00e9cnicos, tend\u00eancias de utilizadores e a efic\u00e1cia de campanhas.<\/p>\n<h3>\u00a0Porque \u00e9 que a BWA Group precisa de recolher e armazenar dados pessoais?<\/h3>\n<p>A BWA Group est\u00e1 empenhada em prestar o melhor servi\u00e7o aos seus Clientes pelo que a recolha de informa\u00e7\u00e3o on-line sobre os pedidos e as escolhas de produtos que distribu\u00edmos \u00e9 fundamental para uma melhor presta\u00e7\u00e3o e optimiza\u00e7\u00e3o da nossa actividade empresarial.<\/p>\n<p>De qualquer forma, estamos empenhados em assegurar que as informa\u00e7\u00f5es que recolhemos e utilizamos s\u00e3o apropriadas para esta finalidade e n\u00e3o constituem uma invas\u00e3o da sua privacidade. Se for contactado para fins de marketing promocional a BWA Group recolher\u00e1 um consentimento adicional.<\/p>\n<h3>Que dados pessoais podem ser recolhidos<\/h3>\n<p>As seguintes categorias de dados pessoais poder\u00e3o ser recolhidas atrav\u00e9s dos canais e servi\u00e7os descritos nesta Politica de Privacidade:<\/p>\n<h4>Dados recolhidos pela BWA Group:<\/h4>\n<p><strong>Informa\u00e7\u00e3o de contacto<\/strong><br \/>\nNome; morada; e-mail.<br \/>\nInforma\u00e7\u00e3o pessoal<br \/>\nAgente ou parceiro de neg\u00f3cio; m\u00e9todo preferido de pagamento; canal preferido de contacto; nome da empresa.<\/p>\n<p><strong>Dados de identifica\u00e7\u00e3o<\/strong><br \/>\nN\u00famero de cliente; n\u00famero de contrato.<br \/>\nHist\u00f3rico de cliente<br \/>\nProdutos adquiridos e vendidos, data de compra, data da encomenda, data da entrega, pre\u00e7o, hist\u00f3rico de informa\u00e7\u00f5es<\/p>\n<p><strong>Dados de aplica\u00e7\u00f5es de internet<\/strong><br \/>\nSe o cliente se registou ou autenticou, \u00e9 poss\u00edvel a utiliza\u00e7\u00e3o dos seguintes dados: utiliza\u00e7\u00e3o m\u00e9dia da aplica\u00e7\u00e3o (comportamento dentro das aplica\u00e7\u00f5es); informa\u00e7\u00e3o de localiza\u00e7\u00e3o;<\/p>\n<h3>Durante quanto tempo conservamos os seus dados pessoais<\/h3>\n<p>Conservamos os seus dados apenas durante o per\u00edodo que for necess\u00e1rio no \u00e2mbito da finalidade para a qual estes foram recolhidos.<\/p>\n<p>Uma vez atingido o prazo m\u00e1ximo de conserva\u00e7\u00e3o, os seus dados pessoais ser\u00e3o anonimizados de forma irrevers\u00edvel (podendo os dados anonimizados ser conservados) ou ser\u00e3o destru\u00eddos de forma segura. Para as finalidades descritas nesta Politica de Privacidade (vendas ao cliente e marketing) os seus dados pessoais ir\u00e3o ser conservados at\u00e9 ao prazo m\u00e1ximo de 24 meses contados a partir da recolha do seu consentimento ou do \u00faltimo contacto realizado (consoante o que ocorra em \u00faltimo lugar) e caso, dentro deste per\u00edodo, n\u00e3o tenha retirado o seu consentimento.<\/p>\n<h3>Com quem podemos partilhar os seus dados pessoais e como \u00e9 que os mantemos seguros<\/h3>\n<p>A BWA Group \u00e9 um grupo de empresas portuguesas com afinidades a uma estrutura empresarial com sede na Uni\u00e3o Europeia. Assim sendo, os seus dados pessoais podem ser acedidos em primeiro lugar pelos seus colaboradores que t\u00eam autoriza\u00e7\u00e3o para esse n\u00edvel de acesso e em segundo lugar pelos nossos fornecedores ou prestadores de servi\u00e7os localizados em pa\u00edses dentro da EU (Uni\u00e3o Europeia) como ser\u00e1 o caso de servi\u00e7os de IT e contabilidade bem como de prestadores de servi\u00e7os adicionais de log\u00edstica e distribui\u00e7\u00e3o cujos procedimentos obedecem e est\u00e3o em linha com o RGPD.<\/p>\n<p>Os seus dados pessoais est\u00e3o armazenados nos servidores protegidos dos nossos fornecedores\/prestadores de servi\u00e7os, sendo acedidos e utilizados exclusivamente ao abrigo das nossas pol\u00edticas e padr\u00f5es (ou de politicas e padr\u00f5es equivalentes dos nossos fornecedores\/prestadores de servi\u00e7os). No entanto, a utiliza\u00e7\u00e3o de ferramentas de tecnologias de informa\u00e7\u00e3o que utilizam for\u00e7osamente a rede de internet podem passar por circuitos menos seguros os quais n\u00e3o podemos assegurar a sua total inviolabilidade.<\/p>\n<p>Na utiliza\u00e7\u00e3o de plataformas de websites poder\u00e1 encontrar links de acesso a outros websites que s\u00e3o alheios \u00e0 BWA Group. A disponibiliza\u00e7\u00e3o de tais links \u00e9 efetuada de boa f\u00e9, n\u00e3o podendo a BWA Group ser responsabilizada pela recolha e tratamento de dados pessoais efetuados nesses websites, nem ser responsabilizado pela exatid\u00e3o, credibilidade e funcionalidades de websites pertencentes a terceiros.<\/p>\n<p>Dados pessoais que sejam exportados para fora da EU ser\u00e3o tratados de acordo com medidas de seguran\u00e7a apropriadas.<\/p>\n<p>A BWA Group n\u00e3o tem acordos nem prev\u00ea ter com outros parceiros que estejam fora da EU.<\/p>\n<h3>Como \u00e9 que pode alterar ou retirar seu consentimento<\/h3>\n<p>Pode, a qualquer momento, alterar ou retirar o seu consentimento, com efeitos para o futuro.<\/p>\n<p>Ap\u00f3s retirada total das suas declara\u00e7\u00f5es de consentimento deixar\u00e1 de ser contactado e de receber comunica\u00e7\u00f5es para as finalidades descritas nesta Politica de Privacidade.<\/p>\n<p>Para retirar as suas declara\u00e7\u00f5es de consentimento submetidas \u00e0 BWA Group basta aceder novamente ao nosso Sitio, preencher os seus dados pessoais e submeter de novo o Formul\u00e1rio de Consentimento, seleccionando, as caixas de selec\u00e7\u00e3o de acordo com as suas prefer\u00eancias. O \u00faltimo Formul\u00e1rio de Consentimento submetido \u00e0 BWA Group ir\u00e1 prevalecer sobre todos os anteriores.<\/p>\n<h3>Entre em contacto connosco, os seus direitos de prote\u00e7\u00e3o de dados e o direito de apresentar reclama\u00e7\u00e3o junto da sua autoridade de controlo<\/h3>\n<p>Em qualquer momento e enquanto estamos em posse de ou a processar os seus dados pessoais, como Titular dos Dados, tem o direito de nos solicitar que:<\/p>\n<ul>\n<li>lhe disponibilizemos informa\u00e7\u00e3o adicional sobre a utiliza\u00e7\u00e3o que fazemos dos seus dados pessoais;<\/li>\n<li>tem o direito de solicitar uma c\u00f3pia das informa\u00e7\u00f5es que mantemos sobre si.<\/li>\n<li>forne\u00e7amos os dados pessoais a seu pedido a outro respons\u00e1vel pelo tratamento;<\/li>\n<li>tem o direito de corrigir dados que mantemos sobre a sua pessoa que sejam inexactos ou incompletos;<\/li>\n<li>que apaguemos os dados pessoais cuja utiliza\u00e7\u00e3o deixou de ser legitima;<\/li>\n<li>tem o direito de se opor a determinados tipos de processamento, tais como marketing direto;<\/li>\n<li>tem o direito de objeto de tratamento automatizado, incluindo a cria\u00e7\u00e3o de perfil<\/li>\n<li>limitemos a forma como utilizamos os seus dados pessoais at\u00e9 que a reclama\u00e7\u00e3o apresentada seja investigada.<\/li>\n<\/ul>\n<p>O seu exerc\u00edcio destes direitos est\u00e1 sujeito a determinadas excep\u00e7\u00f5es destinadas \u00e0 salvaguarda do interesse p\u00fablico (preven\u00e7\u00e3o ou detec\u00e7\u00e3o de crimes e actos de terrorismo), exig\u00eancias do sistema fiscal e de seguran\u00e7a social ou por sigilo profissional.<\/p>\n<p>Todas as solicita\u00e7\u00f5es acima poder\u00e3o ser encaminhadas para uma terceira parte envolvida, no processamento dos seus dados pessoais.<\/p>\n<h3>Que tipo de identifica\u00e7\u00e3o terei de apresentar para ter esse acesso<\/h3>\n<p>A BWA Group aceita as seguintes formas de identifica\u00e7\u00e3o, quando for solicitada informa\u00e7\u00e3o sobre os seus dados pessoais:<\/p>\n[Passaporte, cart\u00e3o de cidad\u00e3o, certificado de nascimento]\n<p>A BWA Group pelas caracter\u00edsticas da sua actividade empresarial e pleo numero de colaboradores que possui n\u00e3o \u00e9 obrigado pelo Regulamento a ter um Encarregado da Protec\u00e7\u00e3o de Dados no entanto pela import\u00e2ncia que atribui a este regulamento escolheu a sua respons\u00e1vel jur\u00eddica como Representante da Protec\u00e7\u00e3o de Dados.<\/p>\n<h3>Detalhes do contacto do Representante da Protec\u00e7\u00e3o de dados:<\/h3>\n<p><strong>Representante<\/strong><br \/>\n<strong>Nome<\/strong>: Dra. Matilde H M D\u2019Orey<br \/>\n<strong>Endere\u00e7o<\/strong>: Av. 5 de Outubro, 125 \u2013 1\u00ba<br \/>\n<strong>Endere\u00e7o<\/strong>: 1050\u2013052 Lisboa, Portugal<br \/>\n<strong>E-mail<\/strong>: proteccaodados@bwagroup.com.pt<br \/>\n<strong>Telefone<\/strong>: (+351) 217 817 220[\/vc_column_text][\/vc_column][\/vc_row]\n","protected":false},"excerpt":{"rendered":"<p>[vc_row type=&#8221;in_container&#8221; full_screen_row_position=&#8221;middle&#8221; column_margin=&#8221;default&#8221; column_direction=&#8221;default&#8221; column_direction_tablet=&#8221;default&#8221; column_direction_phone=&#8221;default&#8221; scene_position=&#8221;center&#8221; bottom_padding=&#8221;6%&#8221; left_padding_desktop=&#8221;6%&#8221; constrain_group_2=&#8221;yes&#8221; right_padding_desktop=&#8221;6%&#8221; text_color=&#8221;dark&#8221; text_align=&#8221;left&#8221; row_border_radius=&#8221;none&#8221; row_border_radius_applies=&#8221;bg&#8221; overflow=&#8221;visible&#8221; overlay_strength=&#8221;0.3&#8243; gradient_direction=&#8221;left_to_right&#8221; shape_divider_position=&#8221;bottom&#8221; bg_image_animation=&#8221;none&#8221; gradient_type=&#8221;default&#8221; shape_type=&#8221;&#8221;][vc_column column_padding=&#8221;no-extra-padding&#8221; column_padding_tablet=&#8221;inherit&#8221; column_padding_phone=&#8221;inherit&#8221; column_padding_position=&#8221;all&#8221; column_element_direction_desktop=&#8221;default&#8221; column_element_spacing=&#8221;default&#8221; desktop_text_alignment=&#8221;default&#8221;&#8230;<\/p>\n","protected":false},"author":1,"featured_media":0,"parent":0,"menu_order":0,"comment_status":"closed","ping_status":"closed","template":"","meta":{"inline_featured_image":false,"footnotes":""},"yoast_head":"<!-- This site is optimized with the Yoast SEO plugin v19.14 - https:\/\/yoast.com\/wordpress\/plugins\/seo\/ -->\n<title>Declara\u00e7\u00e3o de privacidade on-line | BWA<\/title>\n<meta name=\"robots\" content=\"index, follow, max-snippet:-1, max-image-preview:large, max-video-preview:-1\" \/>\n<link rel=\"canonical\" href=\"https:\/\/bwagroup.com.pt\/pt-pt\/declaracao-de-privacidade-on-line\/\" \/>\n<meta property=\"og:locale\" content=\"pt_PT\" \/>\n<meta property=\"og:type\" content=\"article\" \/>\n<meta property=\"og:title\" content=\"Declara\u00e7\u00e3o de privacidade on-line | BWA\" \/>\n<meta property=\"og:description\" content=\"[vc_row type=&#8221;in_container&#8221; full_screen_row_position=&#8221;middle&#8221; column_margin=&#8221;default&#8221; column_direction=&#8221;default&#8221; column_direction_tablet=&#8221;default&#8221; column_direction_phone=&#8221;default&#8221; scene_position=&#8221;center&#8221; bottom_padding=&#8221;6%&#8221; left_padding_desktop=&#8221;6%&#8221; constrain_group_2=&#8221;yes&#8221; right_padding_desktop=&#8221;6%&#8221; text_color=&#8221;dark&#8221; text_align=&#8221;left&#8221; row_border_radius=&#8221;none&#8221; row_border_radius_applies=&#8221;bg&#8221; overflow=&#8221;visible&#8221; overlay_strength=&#8221;0.3&#8243; gradient_direction=&#8221;left_to_right&#8221; shape_divider_position=&#8221;bottom&#8221; bg_image_animation=&#8221;none&#8221; gradient_type=&#8221;default&#8221; shape_type=&#8221;&#8221;][vc_column column_padding=&#8221;no-extra-padding&#8221; column_padding_tablet=&#8221;inherit&#8221; column_padding_phone=&#8221;inherit&#8221; column_padding_position=&#8221;all&#8221; column_element_direction_desktop=&#8221;default&#8221; column_element_spacing=&#8221;default&#8221; desktop_text_alignment=&#8221;default&#8221;...\" \/>\n<meta property=\"og:url\" content=\"https:\/\/bwagroup.com.pt\/pt-pt\/declaracao-de-privacidade-on-line\/\" \/>\n<meta property=\"og:site_name\" content=\"BWA\" \/>\n<meta property=\"article:modified_time\" content=\"2023-02-17T15:22:12+00:00\" \/>\n<meta name=\"twitter:card\" content=\"summary_large_image\" \/>\n<meta name=\"twitter:label1\" content=\"Tempo estimado de leitura\" \/>\n\t<meta name=\"twitter:data1\" content=\"7 minutos\" \/>\n<script type=\"application\/ld+json\" class=\"yoast-schema-graph\">{\"@context\":\"https:\/\/schema.org\",\"@graph\":[{\"@type\":\"WebPage\",\"@id\":\"https:\/\/bwagroup.com.pt\/pt-pt\/declaracao-de-privacidade-on-line\/\",\"url\":\"https:\/\/bwagroup.com.pt\/pt-pt\/declaracao-de-privacidade-on-line\/\",\"name\":\"Declara\u00e7\u00e3o de privacidade on-line | BWA\",\"isPartOf\":{\"@id\":\"https:\/\/bwagroup.com.pt\/pt-pt\/#website\"},\"datePublished\":\"2023-02-02T14:44:54+00:00\",\"dateModified\":\"2023-02-17T15:22:12+00:00\",\"breadcrumb\":{\"@id\":\"https:\/\/bwagroup.com.pt\/pt-pt\/declaracao-de-privacidade-on-line\/#breadcrumb\"},\"inLanguage\":\"pt-PT\",\"potentialAction\":[{\"@type\":\"ReadAction\",\"target\":[\"https:\/\/bwagroup.com.pt\/pt-pt\/declaracao-de-privacidade-on-line\/\"]}]},{\"@type\":\"BreadcrumbList\",\"@id\":\"https:\/\/bwagroup.com.pt\/pt-pt\/declaracao-de-privacidade-on-line\/#breadcrumb\",\"itemListElement\":[{\"@type\":\"ListItem\",\"position\":1,\"name\":\"In\u00edcio\",\"item\":\"https:\/\/bwagroup.com.pt\/pt-pt\/\"},{\"@type\":\"ListItem\",\"position\":2,\"name\":\"Declara\u00e7\u00e3o de privacidade on-line\"}]},{\"@type\":\"WebSite\",\"@id\":\"https:\/\/bwagroup.com.pt\/pt-pt\/#website\",\"url\":\"https:\/\/bwagroup.com.pt\/pt-pt\/\",\"name\":\"BWA\",\"description\":\"\",\"potentialAction\":[{\"@type\":\"SearchAction\",\"target\":{\"@type\":\"EntryPoint\",\"urlTemplate\":\"https:\/\/bwagroup.com.pt\/pt-pt\/?s={search_term_string}\"},\"query-input\":\"required name=search_term_string\"}],\"inLanguage\":\"pt-PT\"}]}<\/script>\n<!-- \/ Yoast SEO plugin. -->","yoast_head_json":{"title":"Declara\u00e7\u00e3o de privacidade on-line | BWA","robots":{"index":"index","follow":"follow","max-snippet":"max-snippet:-1","max-image-preview":"max-image-preview:large","max-video-preview":"max-video-preview:-1"},"canonical":"https:\/\/bwagroup.com.pt\/pt-pt\/declaracao-de-privacidade-on-line\/","og_locale":"pt_PT","og_type":"article","og_title":"Declara\u00e7\u00e3o de privacidade on-line | BWA","og_description":"[vc_row type=&#8221;in_container&#8221; full_screen_row_position=&#8221;middle&#8221; column_margin=&#8221;default&#8221; column_direction=&#8221;default&#8221; column_direction_tablet=&#8221;default&#8221; column_direction_phone=&#8221;default&#8221; scene_position=&#8221;center&#8221; bottom_padding=&#8221;6%&#8221; left_padding_desktop=&#8221;6%&#8221; constrain_group_2=&#8221;yes&#8221; right_padding_desktop=&#8221;6%&#8221; text_color=&#8221;dark&#8221; text_align=&#8221;left&#8221; row_border_radius=&#8221;none&#8221; row_border_radius_applies=&#8221;bg&#8221; overflow=&#8221;visible&#8221; overlay_strength=&#8221;0.3&#8243; gradient_direction=&#8221;left_to_right&#8221; shape_divider_position=&#8221;bottom&#8221; bg_image_animation=&#8221;none&#8221; gradient_type=&#8221;default&#8221; shape_type=&#8221;&#8221;][vc_column column_padding=&#8221;no-extra-padding&#8221; column_padding_tablet=&#8221;inherit&#8221; column_padding_phone=&#8221;inherit&#8221; column_padding_position=&#8221;all&#8221; column_element_direction_desktop=&#8221;default&#8221; column_element_spacing=&#8221;default&#8221; desktop_text_alignment=&#8221;default&#8221;...","og_url":"https:\/\/bwagroup.com.pt\/pt-pt\/declaracao-de-privacidade-on-line\/","og_site_name":"BWA","article_modified_time":"2023-02-17T15:22:12+00:00","twitter_card":"summary_large_image","twitter_misc":{"Tempo estimado de leitura":"7 minutos"},"schema":{"@context":"https:\/\/schema.org","@graph":[{"@type":"WebPage","@id":"https:\/\/bwagroup.com.pt\/pt-pt\/declaracao-de-privacidade-on-line\/","url":"https:\/\/bwagroup.com.pt\/pt-pt\/declaracao-de-privacidade-on-line\/","name":"Declara\u00e7\u00e3o de privacidade on-line | BWA","isPartOf":{"@id":"https:\/\/bwagroup.com.pt\/pt-pt\/#website"},"datePublished":"2023-02-02T14:44:54+00:00","dateModified":"2023-02-17T15:22:12+00:00","breadcrumb":{"@id":"https:\/\/bwagroup.com.pt\/pt-pt\/declaracao-de-privacidade-on-line\/#breadcrumb"},"inLanguage":"pt-PT","potentialAction":[{"@type":"ReadAction","target":["https:\/\/bwagroup.com.pt\/pt-pt\/declaracao-de-privacidade-on-line\/"]}]},{"@type":"BreadcrumbList","@id":"https:\/\/bwagroup.com.pt\/pt-pt\/declaracao-de-privacidade-on-line\/#breadcrumb","itemListElement":[{"@type":"ListItem","position":1,"name":"In\u00edcio","item":"https:\/\/bwagroup.com.pt\/pt-pt\/"},{"@type":"ListItem","position":2,"name":"Declara\u00e7\u00e3o de privacidade on-line"}]},{"@type":"WebSite","@id":"https:\/\/bwagroup.com.pt\/pt-pt\/#website","url":"https:\/\/bwagroup.com.pt\/pt-pt\/","name":"BWA","description":"","potentialAction":[{"@type":"SearchAction","target":{"@type":"EntryPoint","urlTemplate":"https:\/\/bwagroup.com.pt\/pt-pt\/?s={search_term_string}"},"query-input":"required name=search_term_string"}],"inLanguage":"pt-PT"}]}},"_links":{"self":[{"href":"https:\/\/bwagroup.com.pt\/pt-pt\/wp-json\/wp\/v2\/pages\/2166"}],"collection":[{"href":"https:\/\/bwagroup.com.pt\/pt-pt\/wp-json\/wp\/v2\/pages"}],"about":[{"href":"https:\/\/bwagroup.com.pt\/pt-pt\/wp-json\/wp\/v2\/types\/page"}],"author":[{"embeddable":true,"href":"https:\/\/bwagroup.com.pt\/pt-pt\/wp-json\/wp\/v2\/users\/1"}],"replies":[{"embeddable":true,"href":"https:\/\/bwagroup.com.pt\/pt-pt\/wp-json\/wp\/v2\/comments?post=2166"}],"version-history":[{"count":3,"href":"https:\/\/bwagroup.com.pt\/pt-pt\/wp-json\/wp\/v2\/pages\/2166\/revisions"}],"predecessor-version":[{"id":2176,"href":"https:\/\/bwagroup.com.pt\/pt-pt\/wp-json\/wp\/v2\/pages\/2166\/revisions\/2176"}],"wp:attachment":[{"href":"https:\/\/bwagroup.com.pt\/pt-pt\/wp-json\/wp\/v2\/media?parent=2166"}],"curies":[{"name":"wp","href":"https:\/\/api.w.org\/{rel}","templated":true}]}}